{"id":303,"date":"2021-03-09T14:01:12","date_gmt":"2021-03-09T14:01:12","guid":{"rendered":"https:\/\/horseinn.wadlabs.com\/?page_id=303"},"modified":"2025-09-30T11:48:42","modified_gmt":"2025-09-30T09:48:42","slug":"welkom-in-de-horse-inn-van-liege-airport","status":"publish","type":"page","link":"https:\/\/www.horse-inn-liege.com\/nl\/","title":{"rendered":"Welkom in de HORSE INN van LIEGE AIRPORT"},"content":{"rendered":"<div class=\"lazyblock-slideshow-ZkzaVj wp-block-lazyblock-slideshow\"><div id=\"carousel-home\" class=\"carousel slide\" data-ride=\"carousel\">\r\n\t<div class=\"carousel-inner\">\r\n                                    <div class=\"item active\">\r\n                    <img decoding=\"async\" src=\"https:\/\/www.horse-inn-liege.com\/wp-content\/uploads\/2020\/08\/slide-1.jpg\" alt=\"\" class=\"img-responsive\">\r\n                    <div class=\"carousel-caption hidden-xs\">\r\n                        <div class=\"row\">\r\n                            <div class=\"col-sm-6 col-sm-offset-6 text-left\">\r\n                              <h2 class=\"carousel-title\">Welkom in de <strong>HORSE INN<\/strong><br>van LIEGE AIRPORT<\/h2>\r\n                                <br>\r\n                                <br>\r\n                                <a class=\"btn btn-default\" href=\"https:\/\/www.horse-inn-liege.com\/fr\/horses\/\">Voor meer informatie<\/a>\r\n                            <\/div>\r\n                        <\/div>\r\n                    <\/div>\r\n                <\/div>\r\n                                                <div class=\"item\">\r\n                    <img decoding=\"async\" src=\"https:\/\/www.horse-inn-liege.com\/wp-content\/uploads\/2020\/08\/slide-3.jpg\" alt=\"\" class=\"img-responsive\">\r\n                <\/div>\r\n                                                <div class=\"item\">\r\n                    <img decoding=\"async\" src=\"https:\/\/www.horse-inn-liege.com\/wp-content\/uploads\/2020\/08\/slide-2.jpg\" alt=\"\" class=\"img-responsive\">\r\n                <\/div>\r\n                    \t<\/div>\r\n\t<div class=\"carousel-btn hidden-xs\">\r\n\t\t<a class=\"btn btn-empty left\" href=\"#carousel-home\" data-slide=\"prev\">\r\n\t\t\t<i class=\"fa fa-angle-left\"><\/i>\r\n\t\t<\/a>\r\n\t\t<a class=\"btn btn-empty right\" href=\"#carousel-home\" data-slide=\"next\">\r\n\t\t\t<i class=\"fa fa-angle-right\"><\/i>\r\n\t\t<\/a>\r\n\t<\/div>\r\n<\/div><\/div>\n\n\n<div class=\"wp-block-group no-padding has-white-color has-text-color has-background\" style=\"background-color:#0075bd\"><div class=\"wp-block-group__inner-container is-layout-flow wp-block-group-is-layout-flow\">\n<h2 class=\"wp-block-heading\">ONDERKOMEN EN TRANSIT VOOR UW PAARDEN&#8230;<\/h2>\n<\/div><\/div>\n\n\n\n<div style=\"height:40px\" aria-hidden=\"true\" class=\"wp-block-spacer\"><\/div>\n\n\n\n<figure class=\"wp-block-image alignwide size-large\"><a href=\"https:\/\/www.jumpingdeliege.be\/\" target=\"_blank\" rel=\" noreferrer noopener\"><img loading=\"lazy\" decoding=\"async\" width=\"1024\" height=\"171\" src=\"https:\/\/www.horse-inn-liege.com\/wp-content\/uploads\/2025\/09\/Banner_NL-1024x171.jpg\" alt=\"\" class=\"wp-image-637\" srcset=\"https:\/\/www.horse-inn-liege.com\/wp-content\/uploads\/2025\/09\/Banner_NL-1024x171.jpg 1024w, https:\/\/www.horse-inn-liege.com\/wp-content\/uploads\/2025\/09\/Banner_NL-300x50.jpg 300w, https:\/\/www.horse-inn-liege.com\/wp-content\/uploads\/2025\/09\/Banner_NL-768x128.jpg 768w, https:\/\/www.horse-inn-liege.com\/wp-content\/uploads\/2025\/09\/Banner_NL-1536x256.jpg 1536w, https:\/\/www.horse-inn-liege.com\/wp-content\/uploads\/2025\/09\/Banner_NL-2048x342.jpg 2048w\" sizes=\"auto, (max-width: 1024px) 100vw, 1024px\" \/><\/a><\/figure>\n\n\n\n<div class=\"wp-block-group\"><div class=\"wp-block-group__inner-container is-layout-flow wp-block-group-is-layout-flow\">\n<h3 class=\"wp-block-heading\">JAARLIJKS KOMEN ER MEER DAN 3.000 PAARDEN LANGS LIEGE AIRPORT, OVER DE WEG OF PER VLIEGTUIG.<\/h3>\n\n\n\n<p>Met de Liege Airport Horse Inn bieden wij een <strong>luxueuze infrastructuur die perfect geschikt is voor het onderkomen en de begeleiding<\/strong>&nbsp;<strong>van uw paarden <\/strong>tijdens de hele duur van hun transit&nbsp;<strong>op de luchthaven zelf<\/strong>.<\/p>\n\n\n\n<p>De Liege Airport Horse Inn biedt uw paarden een aangenaam en rustig verblijf, alsook een rustruimte voor de grooms, zodat ze zich ideaal kunnen voorbereiden op hun reis door Europa.<\/p>\n\n\n\n<p><em>Onze installaties zijn zowel geschikt voor een transit langs de weg als per vliegtuig en zijn ideaal gelegen voor verplaatsingen naar de grootste Europese steden<\/em>.<\/p>\n<\/div><\/div>\n\n\n\n<div class=\"wp-block-group has-white-background-color has-background\"><div class=\"wp-block-group__inner-container is-layout-flow wp-block-group-is-layout-flow\">\n<div class=\"wp-block-columns is-layout-flex wp-container-core-columns-is-layout-9d6595d7 wp-block-columns-is-layout-flex\">\n<div class=\"wp-block-column is-layout-flow wp-block-column-is-layout-flow\">\n<div class=\"wp-block-image\"><figure class=\"aligncenter size-large\"><img loading=\"lazy\" decoding=\"async\" width=\"64\" height=\"64\" src=\"https:\/\/www.horse-inn-liege.com\/wp-content\/uploads\/2020\/08\/truck.png\" alt=\"\" class=\"wp-image-116\"\/><\/figure><\/div>\n\n\n\n<h3 class=\"has-text-align-center wp-block-heading\">TRANSPORT ROUTIER<\/h3>\n\n\n\n<p>Le Horse Inn est id\u00e9alement situ\u00e9e pour les grooms et chevaux voyageant par la route et souhaitant faire une \u00e9tape dans leur voyage.<\/p>\n\n\n\n<p>Ceux-ci recevront des services similaires \u00e0 ceux voyageant par les airs et qui ont fait la r\u00e9putation de LIEGE AIRPORT.<\/p>\n<\/div>\n\n\n\n<div class=\"wp-block-column is-layout-flow wp-block-column-is-layout-flow\">\n<div class=\"wp-block-image\"><figure class=\"aligncenter size-large\"><img loading=\"lazy\" decoding=\"async\" width=\"64\" height=\"64\" src=\"https:\/\/www.horse-inn-liege.com\/wp-content\/uploads\/2020\/08\/plane.png\" alt=\"\" class=\"wp-image-118\"\/><\/figure><\/div>\n\n\n\n<h3 class=\"has-text-align-center wp-block-heading\">TRANSPORT AERIEN<\/h3>\n\n\n\n<p>Des imports et exports quotidiens de chevaux ont lieu \u00e0 LIEGE AIRPORT.<\/p>\n\n\n\n<p>Grooms et chevaux b\u00e9n\u00e9ficieront d\u2019un service sur mesure, organis\u00e9 de A \u00e0 Z par nos soins.<\/p>\n<\/div>\n<\/div>\n<\/div><\/div>\n","protected":false},"excerpt":{"rendered":"<p>ONDERKOMEN EN TRANSIT VOOR UW PAARDEN&#8230; JAARLIJKS KOMEN ER MEER DAN 3.000 PAARDEN LANGS LIEGE AIRPORT, OVER DE WEG OF PER VLIEGTUIG. Met de Liege Airport Horse Inn bieden wij een luxueuze infrastructuur die perfect geschikt is voor het onderkomen en de begeleiding&nbsp;van uw paarden tijdens de hele duur van hun transit&nbsp;op de luchthaven zelf. [&hellip;]<\/p>\n","protected":false},"author":2,"featured_media":0,"parent":0,"menu_order":0,"comment_status":"closed","ping_status":"closed","template":"","meta":{"footnotes":""},"class_list":["post-303","page","type-page","status-publish","hentry"],"_links":{"self":[{"href":"https:\/\/www.horse-inn-liege.com\/nl\/wp-json\/wp\/v2\/pages\/303","targetHints":{"allow":["GET"]}}],"collection":[{"href":"https:\/\/www.horse-inn-liege.com\/nl\/wp-json\/wp\/v2\/pages"}],"about":[{"href":"https:\/\/www.horse-inn-liege.com\/nl\/wp-json\/wp\/v2\/types\/page"}],"author":[{"embeddable":true,"href":"https:\/\/www.horse-inn-liege.com\/nl\/wp-json\/wp\/v2\/users\/2"}],"replies":[{"embeddable":true,"href":"https:\/\/www.horse-inn-liege.com\/nl\/wp-json\/wp\/v2\/comments?post=303"}],"version-history":[{"count":7,"href":"https:\/\/www.horse-inn-liege.com\/nl\/wp-json\/wp\/v2\/pages\/303\/revisions"}],"predecessor-version":[{"id":642,"href":"https:\/\/www.horse-inn-liege.com\/nl\/wp-json\/wp\/v2\/pages\/303\/revisions\/642"}],"wp:attachment":[{"href":"https:\/\/www.horse-inn-liege.com\/nl\/wp-json\/wp\/v2\/media?parent=303"}],"curies":[{"name":"wp","href":"https:\/\/api.w.org\/{rel}","templated":true}]}}