{"id":69,"date":"2020-08-10T13:57:35","date_gmt":"2020-08-10T13:57:35","guid":{"rendered":"https:\/\/horseinn.wadlabs.com\/?page_id=69"},"modified":"2025-02-14T13:50:30","modified_gmt":"2025-02-14T11:50:30","slug":"lines","status":"publish","type":"page","link":"https:\/\/www.horse-inn-liege.com\/fr\/lines\/","title":{"rendered":"Lignes A\u00e9riennes"},"content":{"rendered":"\n<figure class=\"wp-block-image alignfull size-full\"><img loading=\"lazy\" decoding=\"async\" width=\"1920\" height=\"482\" src=\"https:\/\/www.horse-inn-liege.com\/wp-content\/uploads\/2020\/08\/lines.jpg\" alt=\"\" class=\"wp-image-141\" srcset=\"https:\/\/www.horse-inn-liege.com\/wp-content\/uploads\/2020\/08\/lines.jpg 1920w, https:\/\/www.horse-inn-liege.com\/wp-content\/uploads\/2020\/08\/lines-300x75.jpg 300w, https:\/\/www.horse-inn-liege.com\/wp-content\/uploads\/2020\/08\/lines-1024x257.jpg 1024w, https:\/\/www.horse-inn-liege.com\/wp-content\/uploads\/2020\/08\/lines-768x193.jpg 768w, https:\/\/www.horse-inn-liege.com\/wp-content\/uploads\/2020\/08\/lines-1536x386.jpg 1536w\" sizes=\"auto, (max-width: 1920px) 100vw, 1920px\" \/><\/figure>\n\n\n\n<div class=\"wp-block-group\"><div class=\"wp-block-group__inner-container is-layout-flow wp-block-group-is-layout-flow\">\n<h2 class=\"wp-block-heading\">Lignes a\u00e9riennes<\/h2>\n\n\n\n<p>Vous trouverez ci-apr\u00e8s les diff\u00e9rentes compagnies actives dans le transport \u00e9questre.<\/p>\n\n\n\n<div class=\"wp-block-columns is-layout-flex wp-container-core-columns-is-layout-9d6595d7 wp-block-columns-is-layout-flex\">\n<div class=\"wp-block-column is-layout-flow wp-block-column-is-layout-flow\">\n<h4 class=\"wp-block-heading\">Imports &amp; Exports quotidiens :<\/h4>\n\n\n\n<figure class=\"wp-block-image size-large is-resized\"><img loading=\"lazy\" decoding=\"async\" width=\"290\" height=\"75\" src=\"https:\/\/www.horse-inn-liege.com\/wp-content\/uploads\/2021\/04\/agc-002.png\" alt=\"\" class=\"wp-image-560\" style=\"width:290px;height:75px\"\/><\/figure>\n\n\n\n<figure class=\"wp-block-image size-full is-resized\"><img loading=\"lazy\" decoding=\"async\" width=\"946\" height=\"266\" src=\"https:\/\/www.horse-inn-liege.com\/wp-content\/uploads\/2025\/02\/challenge_airline_be-1.png\" alt=\"\" class=\"wp-image-603\" style=\"width:243px;height:auto\" srcset=\"https:\/\/www.horse-inn-liege.com\/wp-content\/uploads\/2025\/02\/challenge_airline_be-1.png 946w, https:\/\/www.horse-inn-liege.com\/wp-content\/uploads\/2025\/02\/challenge_airline_be-1-300x84.png 300w, https:\/\/www.horse-inn-liege.com\/wp-content\/uploads\/2025\/02\/challenge_airline_be-1-768x216.png 768w\" sizes=\"auto, (max-width: 946px) 100vw, 946px\" \/><\/figure>\n\n\n\n<figure class=\"wp-block-image size-large\"><img loading=\"lazy\" decoding=\"async\" width=\"290\" height=\"75\" src=\"https:\/\/www.horse-inn-liege.com\/wp-content\/uploads\/2020\/08\/emirates.png\" alt=\"\" class=\"wp-image-76\"\/><\/figure>\n\n\n\n<figure class=\"wp-block-image size-large\"><img loading=\"lazy\" decoding=\"async\" width=\"290\" height=\"75\" src=\"https:\/\/www.horse-inn-liege.com\/wp-content\/uploads\/2020\/08\/icelandair.png\" alt=\"\" class=\"wp-image-78\"\/><\/figure>\n\n\n\n<figure class=\"wp-block-image size-large\"><img loading=\"lazy\" decoding=\"async\" width=\"290\" height=\"75\" src=\"https:\/\/www.horse-inn-liege.com\/wp-content\/uploads\/2020\/08\/qatar.png\" alt=\"\" class=\"wp-image-80\"\/><\/figure>\n<\/div>\n\n\n\n<div class=\"wp-block-column is-layout-flow wp-block-column-is-layout-flow\">\n<h4 class=\"wp-block-heading\">Imports &amp; Exports ponctuels :<\/h4>\n\n\n\n<figure class=\"wp-block-image size-large\"><img loading=\"lazy\" decoding=\"async\" width=\"290\" height=\"75\" src=\"https:\/\/www.horse-inn-liege.com\/wp-content\/uploads\/2020\/08\/national.png\" alt=\"\" class=\"wp-image-86\"\/><\/figure>\n\n\n\n<figure class=\"wp-block-image size-large\"><img loading=\"lazy\" decoding=\"async\" width=\"290\" height=\"75\" src=\"https:\/\/www.horse-inn-liege.com\/wp-content\/uploads\/2020\/08\/lufthansa.png\" alt=\"\" class=\"wp-image-88\"\/><\/figure>\n<\/div>\n<\/div>\n<\/div><\/div>\n\n\n\n<p><\/p>\n","protected":false},"excerpt":{"rendered":"<p>Lignes a\u00e9riennes Vous trouverez ci-apr\u00e8s les diff\u00e9rentes compagnies actives dans le transport \u00e9questre. Imports &amp; Exports quotidiens : Imports &amp; Exports ponctuels :<\/p>\n","protected":false},"author":1,"featured_media":0,"parent":0,"menu_order":0,"comment_status":"closed","ping_status":"closed","template":"","meta":{"footnotes":""},"class_list":["post-69","page","type-page","status-publish","hentry"],"_links":{"self":[{"href":"https:\/\/www.horse-inn-liege.com\/fr\/wp-json\/wp\/v2\/pages\/69","targetHints":{"allow":["GET"]}}],"collection":[{"href":"https:\/\/www.horse-inn-liege.com\/fr\/wp-json\/wp\/v2\/pages"}],"about":[{"href":"https:\/\/www.horse-inn-liege.com\/fr\/wp-json\/wp\/v2\/types\/page"}],"author":[{"embeddable":true,"href":"https:\/\/www.horse-inn-liege.com\/fr\/wp-json\/wp\/v2\/users\/1"}],"replies":[{"embeddable":true,"href":"https:\/\/www.horse-inn-liege.com\/fr\/wp-json\/wp\/v2\/comments?post=69"}],"version-history":[{"count":15,"href":"https:\/\/www.horse-inn-liege.com\/fr\/wp-json\/wp\/v2\/pages\/69\/revisions"}],"predecessor-version":[{"id":611,"href":"https:\/\/www.horse-inn-liege.com\/fr\/wp-json\/wp\/v2\/pages\/69\/revisions\/611"}],"wp:attachment":[{"href":"https:\/\/www.horse-inn-liege.com\/fr\/wp-json\/wp\/v2\/media?parent=69"}],"curies":[{"name":"wp","href":"https:\/\/api.w.org\/{rel}","templated":true}]}}