{"id":58,"date":"2020-08-10T11:48:05","date_gmt":"2020-08-10T11:48:05","guid":{"rendered":"https:\/\/horseinn.wadlabs.com\/?page_id=58"},"modified":"2021-03-25T18:09:31","modified_gmt":"2021-03-25T18:09:31","slug":"facilites","status":"publish","type":"page","link":"https:\/\/www.horse-inn-liege.com\/fr\/facilites\/","title":{"rendered":"Facilit\u00e9s &#038; Logistique"},"content":{"rendered":"\n<script src=\"\/\/maps.google.com\/maps\/api\/js?v=3&#038;sensor=false&#038;key=AIzaSyCPcoh1G3klRxOwVUxRKyI8Yh_oFu3W5dk\"><\/script>\n<div id=\"google-map\"><\/div>\n<script type=\"text\/javascript\">\n$(document).ready( function() {\n\tvar latlng = new google.maps.LatLng(50.636935, 5.453081);\n\tvar myOptions = {\n\t\tscrollwheel: false,\n\t\tzoom: 12,\n\t\tcenter: latlng,\n\t\tmapTypeId: google.maps.MapTypeId.ROADMAP,\n\t\tdisableDefaultUI: true,\n\t\tzoomControl: true\n\t};\n\tvar map = new google.maps.Map(document.getElementById('google-map'), myOptions);\t\t\t\n\tvar marker = new google.maps.Marker({\n\t\tposition: latlng,\n\t\tmap: map,\n\t\ttitle: \"Horse Inn\"\n\t});\n});\n<\/script>\n\n\n\n<div class=\"wp-block-columns is-layout-flex wp-container-core-columns-is-layout-9d6595d7 wp-block-columns-is-layout-flex\">\n<div class=\"wp-block-column is-layout-flow wp-block-column-is-layout-flow\" style=\"flex-basis:66.66%\">\n<h2 class=\"wp-block-heading\">Facilit\u00e9s &amp; Logistique<\/h2>\n\n\n\n<p>Le Horse Inn offre&nbsp;<strong>une situation id\u00e9ale pour acc\u00e9der \u00e0 toute l\u2019Europe<\/strong>.<br>Gr\u00e2ce \u00e0 sa position centrale au c\u0153ur du \u00ab Triangle d\u2019Or \u00bb reliant Amsterdam, Paris &amp; Francfort, elle offre un&nbsp;<strong>acc\u00e8s rapide aux grandes villes europ\u00e9ennes gr\u00e2ce \u00e0 un r\u00e9seau autoroutier non-congestionn\u00e9<\/strong>.<\/p>\n\n\n\n<p><em>Les infrastructures offrent des avantages uniques pour recevoir au mieux chevaux, grooms et camions de transport :<\/em><\/p>\n\n\n\n<ul class=\"wp-block-list\"><li>Ouvert 24h sur 24 et 7 jours sur 7<\/li><li>\u00c0 3 min. de l\u2019autoroute<\/li><li>Acc\u00e8s direct \u00e0 l\u2019airside<\/li><li>Poste d\u2019inspection approuv\u00e9 par l\u2019Union Europ\u00e9enne<\/li><li>Points d\u2019eau et d\u2019\u00e9lectricit\u00e9<\/li><li>Parking cl\u00f4tur\u00e9 et prot\u00e9g\u00e9<\/li><\/ul>\n<\/div>\n\n\n\n<div class=\"wp-block-column is-layout-flow wp-block-column-is-layout-flow\" style=\"flex-basis:33.33%\">\n<h2 class=\"wp-block-heading\">Informations<\/h2>\n\n\n\n<div class=\"wp-block-group\"><div class=\"wp-block-group__inner-container is-layout-flow wp-block-group-is-layout-flow\"><div class=\"lazyblock-coordonnee-ZJtrH2 wp-block-lazyblock-coordonnee\"><p>\r\n  <span class=\"text-primary fa-stack fa-fw\">\r\n\t  <i class=\"fa fa-square fa-stack-2x fa-inverse\"><\/i>\r\n\t\t<i class=\"fa fa-map-marker fa-stack-1x\"><\/i>\r\n\t<\/span>\r\n\tBelgique, Li\u00e8ge, Gr\u00e2ce-Hollogne.<\/p><\/div>\n\n<div class=\"lazyblock-coordonnee-Hvt6 wp-block-lazyblock-coordonnee\"><p>\r\n  <span class=\"text-primary fa-stack fa-fw\">\r\n\t  <i class=\"fa fa-square fa-stack-2x fa-inverse\"><\/i>\r\n\t\t<i class=\"fa fa-mobile-phone fa-stack-1x\"><\/i>\r\n\t<\/span>\r\n\t<a href=\"tel:003242702027\">+32 4 270 20 27<\/a><\/p><\/div><\/div><\/div>\n\n\n\n<p><\/p>\n<\/div>\n<\/div>\n","protected":false},"excerpt":{"rendered":"<p>Facilit\u00e9s &amp; Logistique Le Horse Inn offre&nbsp;une situation id\u00e9ale pour acc\u00e9der \u00e0 toute l\u2019Europe.Gr\u00e2ce \u00e0 sa position centrale au c\u0153ur du \u00ab Triangle d\u2019Or \u00bb reliant Amsterdam, Paris &amp; Francfort, elle offre un&nbsp;acc\u00e8s rapide aux grandes villes europ\u00e9ennes gr\u00e2ce \u00e0 un r\u00e9seau autoroutier non-congestionn\u00e9. Les infrastructures offrent des avantages uniques pour recevoir au mieux chevaux, [&hellip;]<\/p>\n","protected":false},"author":1,"featured_media":0,"parent":0,"menu_order":0,"comment_status":"closed","ping_status":"closed","template":"","meta":{"footnotes":""},"class_list":["post-58","page","type-page","status-publish","hentry"],"_links":{"self":[{"href":"https:\/\/www.horse-inn-liege.com\/fr\/wp-json\/wp\/v2\/pages\/58","targetHints":{"allow":["GET"]}}],"collection":[{"href":"https:\/\/www.horse-inn-liege.com\/fr\/wp-json\/wp\/v2\/pages"}],"about":[{"href":"https:\/\/www.horse-inn-liege.com\/fr\/wp-json\/wp\/v2\/types\/page"}],"author":[{"embeddable":true,"href":"https:\/\/www.horse-inn-liege.com\/fr\/wp-json\/wp\/v2\/users\/1"}],"replies":[{"embeddable":true,"href":"https:\/\/www.horse-inn-liege.com\/fr\/wp-json\/wp\/v2\/comments?post=58"}],"version-history":[{"count":7,"href":"https:\/\/www.horse-inn-liege.com\/fr\/wp-json\/wp\/v2\/pages\/58\/revisions"}],"predecessor-version":[{"id":375,"href":"https:\/\/www.horse-inn-liege.com\/fr\/wp-json\/wp\/v2\/pages\/58\/revisions\/375"}],"wp:attachment":[{"href":"https:\/\/www.horse-inn-liege.com\/fr\/wp-json\/wp\/v2\/media?parent=58"}],"curies":[{"name":"wp","href":"https:\/\/api.w.org\/{rel}","templated":true}]}}