{"id":5,"date":"2020-08-10T11:17:09","date_gmt":"2020-08-10T11:17:09","guid":{"rendered":"https:\/\/horseinn.wadlabs.com\/?page_id=5"},"modified":"2020-08-13T22:27:19","modified_gmt":"2020-08-13T22:27:19","slug":"horses","status":"publish","type":"page","link":"https:\/\/www.horse-inn-liege.com\/fr\/horses\/","title":{"rendered":"Pour les chevaux"},"content":{"rendered":"\n<div class=\"wp-block-group inverser\"><div class=\"wp-block-group__inner-container is-layout-flow wp-block-group-is-layout-flow\">\n<div class=\"wp-block-columns is-layout-flex wp-container-core-columns-is-layout-9d6595d7 wp-block-columns-is-layout-flex\">\n<div class=\"wp-block-column is-layout-flow wp-block-column-is-layout-flow\">\n<div class=\"wp-block-columns is-layout-flex wp-container-core-columns-is-layout-9d6595d7 wp-block-columns-is-layout-flex\">\n<div class=\"wp-block-column is-layout-flow wp-block-column-is-layout-flow\"><div class=\"lazyblock-gallerie-Z1dCfaB wp-block-lazyblock-gallerie\"><div class=\"horses-gallery\">\r\n  <img decoding=\"async\" src=\"https:\/\/www.horse-inn-liege.com\/wp-content\/uploads\/2020\/08\/horses-1.jpg\" alt=\"\" class=\"zoom img-responsive\">\r\n\t<div class=\"row no-gutter\">\r\n\t\t  <div class=\"col-xs-3\">\r\n      <img decoding=\"async\" src=\"https:\/\/www.horse-inn-liege.com\/wp-content\/uploads\/2020\/08\/horses-1.jpg\" alt=\"\" class=\"img-responsive thumbmail\">\r\n    <\/div>\r\n  \t  <div class=\"col-xs-3\">\r\n      <img decoding=\"async\" src=\"https:\/\/www.horse-inn-liege.com\/wp-content\/uploads\/2020\/08\/horses-2.jpg\" alt=\"\" class=\"img-responsive thumbmail\">\r\n    <\/div>\r\n  \t  <div class=\"col-xs-3\">\r\n      <img decoding=\"async\" src=\"https:\/\/www.horse-inn-liege.com\/wp-content\/uploads\/2020\/08\/horses-4.jpg\" alt=\"\" class=\"img-responsive thumbmail\">\r\n    <\/div>\r\n  \t  <div class=\"col-xs-3\">\r\n      <img decoding=\"async\" src=\"https:\/\/www.horse-inn-liege.com\/wp-content\/uploads\/2020\/08\/horses-5.jpg\" alt=\"\" class=\"img-responsive thumbmail\">\r\n    <\/div>\r\n  \t  <div class=\"col-xs-3\">\r\n      <img decoding=\"async\" src=\"https:\/\/www.horse-inn-liege.com\/wp-content\/uploads\/2020\/08\/horses-3.jpg\" alt=\"\" class=\"img-responsive thumbmail\">\r\n    <\/div>\r\n  \t  <div class=\"col-xs-3\">\r\n      <img decoding=\"async\" src=\"https:\/\/www.horse-inn-liege.com\/wp-content\/uploads\/2020\/08\/horses-6.jpg\" alt=\"\" class=\"img-responsive thumbmail\">\r\n    <\/div>\r\n  \t  <div class=\"col-xs-3\">\r\n      <img decoding=\"async\" src=\"https:\/\/www.horse-inn-liege.com\/wp-content\/uploads\/2020\/08\/horses-7.jpg\" alt=\"\" class=\"img-responsive thumbmail\">\r\n    <\/div>\r\n  \t  <div class=\"col-xs-3\">\r\n      <img decoding=\"async\" src=\"https:\/\/www.horse-inn-liege.com\/wp-content\/uploads\/2020\/08\/horses-8.jpg\" alt=\"\" class=\"img-responsive thumbmail\">\r\n    <\/div>\r\n    <\/div>\r\n<\/div><\/div><\/div>\n\n\n\n<div class=\"wp-block-column is-layout-flow wp-block-column-is-layout-flow\">\n<h2 class=\"wp-block-heading\">Pour les chevaux<\/h2>\n\n\n\n<p><em>Le Horse Inn est la solution id\u00e9ale pour h\u00e9berger et relaxer les chevaux avant ou apr\u00e8s leur transport et offre de nombreux avantages :<\/em><\/p>\n\n\n\n<ul class=\"wp-block-list\"><li>&nbsp;55 boxes luxueux et spacieux (3x5m ou 6x5m)<\/li><li>&nbsp;Zone de contr\u00f4le et de soins<\/li><li>&nbsp;V\u00e9t\u00e9rinaire pr\u00e9sent lors des (d\u00e9)chargements<\/li><li>&nbsp;Plateforme de chargement sur dollies (charriots)<\/li><li>&nbsp;Rampes &amp; Sol adapt\u00e9s<\/li><li>&nbsp;Environnement apaisant<\/li><li>&nbsp;Points d\u2019eau chaude et froide<\/li><\/ul>\n<\/div>\n<\/div>\n\n\n\n<p><\/p>\n<\/div>\n<\/div>\n<\/div><\/div>\n\n\n\n<div class=\"wp-block-group has-white-background-color has-background\"><div class=\"wp-block-group__inner-container is-layout-flow wp-block-group-is-layout-flow\">\n<div class=\"wp-block-columns is-layout-flex wp-container-core-columns-is-layout-9d6595d7 wp-block-columns-is-layout-flex\">\n<div class=\"wp-block-column is-layout-flow wp-block-column-is-layout-flow\">\n<div class=\"wp-block-image\"><figure class=\"aligncenter size-large\"><img loading=\"lazy\" decoding=\"async\" width=\"64\" height=\"64\" src=\"https:\/\/www.horse-inn-liege.com\/wp-content\/uploads\/2020\/08\/truck.png\" alt=\"\" class=\"wp-image-116\"\/><\/figure><\/div>\n\n\n\n<h2 class=\"has-text-align-center wp-block-heading\">Transport routier<\/h2>\n\n\n\n<p>Le Horse Inn est id\u00e9alement situ\u00e9e pour les grooms et chevaux voyageant par la route et souhaitant faire une \u00e9tape dans leur voyage.<\/p>\n\n\n\n<p>Ceux-ci recevront des services similaires \u00e0 ceux voyageant par les airs et qui ont fait la r\u00e9putation de LIEGE AIRPORT.<\/p>\n<\/div>\n\n\n\n<div class=\"wp-block-column is-layout-flow wp-block-column-is-layout-flow\">\n<div class=\"wp-block-image\"><figure class=\"aligncenter size-large\"><img loading=\"lazy\" decoding=\"async\" width=\"64\" height=\"64\" src=\"https:\/\/www.horse-inn-liege.com\/wp-content\/uploads\/2020\/08\/plane.png\" alt=\"\" class=\"wp-image-118\"\/><\/figure><\/div>\n\n\n\n<h2 class=\"has-text-align-center wp-block-heading\">Transport a\u00e9rien<\/h2>\n\n\n\n<p>Des imports et exports quotidiens de chevaux ont lieu \u00e0 LIEGE AIRPORT.<\/p>\n\n\n\n<p>Grooms et chevaux b\u00e9n\u00e9ficieront d&rsquo;un service sur mesure, organis\u00e9 de A \u00e0 Z par nos soins.<\/p>\n<\/div>\n<\/div>\n<\/div><\/div>\n","protected":false},"excerpt":{"rendered":"<p>Pour les chevaux Le Horse Inn est la solution id\u00e9ale pour h\u00e9berger et relaxer les chevaux avant ou apr\u00e8s leur transport et offre de nombreux avantages : &nbsp;55 boxes luxueux et spacieux (3x5m ou 6x5m) &nbsp;Zone de contr\u00f4le et de soins &nbsp;V\u00e9t\u00e9rinaire pr\u00e9sent lors des (d\u00e9)chargements &nbsp;Plateforme de chargement sur dollies (charriots) &nbsp;Rampes &amp; Sol [&hellip;]<\/p>\n","protected":false},"author":1,"featured_media":0,"parent":0,"menu_order":0,"comment_status":"closed","ping_status":"closed","template":"","meta":{"footnotes":""},"class_list":["post-5","page","type-page","status-publish","hentry"],"_links":{"self":[{"href":"https:\/\/www.horse-inn-liege.com\/fr\/wp-json\/wp\/v2\/pages\/5","targetHints":{"allow":["GET"]}}],"collection":[{"href":"https:\/\/www.horse-inn-liege.com\/fr\/wp-json\/wp\/v2\/pages"}],"about":[{"href":"https:\/\/www.horse-inn-liege.com\/fr\/wp-json\/wp\/v2\/types\/page"}],"author":[{"embeddable":true,"href":"https:\/\/www.horse-inn-liege.com\/fr\/wp-json\/wp\/v2\/users\/1"}],"replies":[{"embeddable":true,"href":"https:\/\/www.horse-inn-liege.com\/fr\/wp-json\/wp\/v2\/comments?post=5"}],"version-history":[{"count":14,"href":"https:\/\/www.horse-inn-liege.com\/fr\/wp-json\/wp\/v2\/pages\/5\/revisions"}],"predecessor-version":[{"id":246,"href":"https:\/\/www.horse-inn-liege.com\/fr\/wp-json\/wp\/v2\/pages\/5\/revisions\/246"}],"wp:attachment":[{"href":"https:\/\/www.horse-inn-liege.com\/fr\/wp-json\/wp\/v2\/media?parent=5"}],"curies":[{"name":"wp","href":"https:\/\/api.w.org\/{rel}","templated":true}]}}