{"id":107,"date":"2020-08-10T14:41:18","date_gmt":"2020-08-10T14:41:18","guid":{"rendered":"https:\/\/horseinn.wadlabs.com\/?page_id=107"},"modified":"2026-04-09T12:35:44","modified_gmt":"2026-04-09T10:35:44","slug":"home","status":"publish","type":"page","link":"https:\/\/www.horse-inn-liege.com\/fr\/","title":{"rendered":"Bienvenue au HORSE INN de LIEGE AIRPORT"},"content":{"rendered":"<div class=\"lazyblock-slideshow-ZkzaVj wp-block-lazyblock-slideshow\"><div id=\"carousel-home\" class=\"carousel slide\" data-ride=\"carousel\">\r\n\t<div class=\"carousel-inner\">\r\n                                    <div class=\"item active\">\r\n                    <img decoding=\"async\" src=\"https:\/\/www.horse-inn-liege.com\/wp-content\/uploads\/2020\/08\/slide-1.jpg\" alt=\"\" class=\"img-responsive\">\r\n                    <div class=\"carousel-caption hidden-xs\">\r\n                        <div class=\"row\">\r\n                            <div class=\"col-sm-6 col-sm-offset-6 text-left\">\r\n                              <h2 class=\"carousel-title\"><small>Bienvenue au\u00a0<\/small><strong>HORSE INN<\/strong><br>de LIEGE AIRPORT<\/h2>\r\n                                <br>\r\n                                <br>\r\n                                <a class=\"btn btn-default\" href=\"https:\/\/www.horse-inn-liege.com\/fr\/horses\/\">En savoir plus<\/a>\r\n                            <\/div>\r\n                        <\/div>\r\n                    <\/div>\r\n                <\/div>\r\n                                                <div class=\"item\">\r\n                    <img decoding=\"async\" src=\"https:\/\/www.horse-inn-liege.com\/wp-content\/uploads\/2020\/08\/slide-3.jpg\" alt=\"\" class=\"img-responsive\">\r\n                <\/div>\r\n                                                <div class=\"item\">\r\n                    <img decoding=\"async\" src=\"https:\/\/www.horse-inn-liege.com\/wp-content\/uploads\/2020\/08\/slide-2.jpg\" alt=\"\" class=\"img-responsive\">\r\n                <\/div>\r\n                    \t<\/div>\r\n\t<div class=\"carousel-btn hidden-xs\">\r\n\t\t<a class=\"btn btn-empty left\" href=\"#carousel-home\" data-slide=\"prev\">\r\n\t\t\t<i class=\"fa fa-angle-left\"><\/i>\r\n\t\t<\/a>\r\n\t\t<a class=\"btn btn-empty right\" href=\"#carousel-home\" data-slide=\"next\">\r\n\t\t\t<i class=\"fa fa-angle-right\"><\/i>\r\n\t\t<\/a>\r\n\t<\/div>\r\n<\/div><\/div>\n\n\n<div class=\"wp-block-group no-padding has-white-color has-text-color has-background\" style=\"background-color:#0075bd\"><div class=\"wp-block-group__inner-container is-layout-flow wp-block-group-is-layout-flow\">\n<h2 class=\"wp-block-heading\">L\u2019H\u00c9BERGEMENT ET LE TRANSIT DE VOS CHEVAUX&#8230;<\/h2>\n<\/div><\/div>\n\n\n\n<div style=\"height:51px\" aria-hidden=\"true\" class=\"wp-block-spacer\"><\/div>\n\n\n\n<div class=\"wp-block-group\"><div class=\"wp-block-group__inner-container is-layout-flow wp-block-group-is-layout-flow\">\n<h3 class=\"wp-block-heading\">CHAQUE ANN\u00c9E, PLUS DE 3.000 CHEVAUX TRANSITENT PAR LIEGE AIRPORT PAR LA ROUTE OU PAR LES AIRS.<\/h3>\n\n\n\n<p>Au travers de Liege Airport Horse Inn, nous proposons de&nbsp;<strong>luxueuses infrastructures parfaitement adapt\u00e9es aux chevaux et \u00e0 leur accompagnant<\/strong>&nbsp;durant toute la dur\u00e9e de leur transit,&nbsp;<strong>au sein m\u00eame de l\u2019a\u00e9roport<\/strong>.<\/p>\n\n\n\n<p>Le but de Liege Airport Horse Inn est d\u2019assurer une visite plaisante et rassurante pour les chevaux ainsi qu\u2019un espace de repos pour les grooms afin de se pr\u00e9parer id\u00e9alement \u00e0 leur voyage au travers de l\u2019Europe.<\/p>\n\n\n\n<p><em>Nos installations conviennent tout aussi bien au transit par route qu\u2019au transit a\u00e9rien et b\u00e9n\u00e9ficient d\u2019une situation id\u00e9ale pour relier les plus grandes villes europ\u00e9ennes.<\/em><\/p>\n<\/div><\/div>\n\n\n\n<div class=\"wp-block-group has-white-background-color has-background\"><div class=\"wp-block-group__inner-container is-layout-flow wp-block-group-is-layout-flow\">\n<div class=\"wp-block-columns is-layout-flex wp-container-core-columns-is-layout-9d6595d7 wp-block-columns-is-layout-flex\">\n<div class=\"wp-block-column is-layout-flow wp-block-column-is-layout-flow\">\n<div class=\"wp-block-image\"><figure class=\"aligncenter size-large\"><img loading=\"lazy\" decoding=\"async\" width=\"64\" height=\"64\" src=\"https:\/\/www.horse-inn-liege.com\/wp-content\/uploads\/2020\/08\/truck.png\" alt=\"\" class=\"wp-image-116\"\/><\/figure><\/div>\n\n\n\n<h3 class=\"has-text-align-center wp-block-heading\">TRANSPORT ROUTIER<\/h3>\n\n\n\n<p>Le Horse Inn est id\u00e9alement situ\u00e9e pour les grooms et chevaux voyageant par la route et souhaitant faire une \u00e9tape dans leur voyage.<\/p>\n\n\n\n<p>Ceux-ci recevront des services similaires \u00e0 ceux voyageant par les airs et qui ont fait la r\u00e9putation de LIEGE AIRPORT.<\/p>\n<\/div>\n\n\n\n<div class=\"wp-block-column is-layout-flow wp-block-column-is-layout-flow\">\n<div class=\"wp-block-image\"><figure class=\"aligncenter size-large\"><img loading=\"lazy\" decoding=\"async\" width=\"64\" height=\"64\" src=\"https:\/\/www.horse-inn-liege.com\/wp-content\/uploads\/2020\/08\/plane.png\" alt=\"\" class=\"wp-image-118\"\/><\/figure><\/div>\n\n\n\n<h3 class=\"has-text-align-center wp-block-heading\">TRANSPORT AERIEN<\/h3>\n\n\n\n<p>Des imports et exports quotidiens de chevaux ont lieu \u00e0 LIEGE AIRPORT.<\/p>\n\n\n\n<p>Grooms et chevaux b\u00e9n\u00e9ficieront d\u2019un service sur mesure, organis\u00e9 de A \u00e0 Z par nos soins.<\/p>\n<\/div>\n<\/div>\n<\/div><\/div>\n","protected":false},"excerpt":{"rendered":"<p>L\u2019H\u00c9BERGEMENT ET LE TRANSIT DE VOS CHEVAUX&#8230; CHAQUE ANN\u00c9E, PLUS DE 3.000 CHEVAUX TRANSITENT PAR LIEGE AIRPORT PAR LA ROUTE OU PAR LES AIRS. Au travers de Liege Airport Horse Inn, nous proposons de&nbsp;luxueuses infrastructures parfaitement adapt\u00e9es aux chevaux et \u00e0 leur accompagnant&nbsp;durant toute la dur\u00e9e de leur transit,&nbsp;au sein m\u00eame de l\u2019a\u00e9roport. Le but [&hellip;]<\/p>\n","protected":false},"author":1,"featured_media":0,"parent":0,"menu_order":0,"comment_status":"closed","ping_status":"closed","template":"","meta":{"footnotes":""},"class_list":["post-107","page","type-page","status-publish","hentry"],"_links":{"self":[{"href":"https:\/\/www.horse-inn-liege.com\/fr\/wp-json\/wp\/v2\/pages\/107","targetHints":{"allow":["GET"]}}],"collection":[{"href":"https:\/\/www.horse-inn-liege.com\/fr\/wp-json\/wp\/v2\/pages"}],"about":[{"href":"https:\/\/www.horse-inn-liege.com\/fr\/wp-json\/wp\/v2\/types\/page"}],"author":[{"embeddable":true,"href":"https:\/\/www.horse-inn-liege.com\/fr\/wp-json\/wp\/v2\/users\/1"}],"replies":[{"embeddable":true,"href":"https:\/\/www.horse-inn-liege.com\/fr\/wp-json\/wp\/v2\/comments?post=107"}],"version-history":[{"count":17,"href":"https:\/\/www.horse-inn-liege.com\/fr\/wp-json\/wp\/v2\/pages\/107\/revisions"}],"predecessor-version":[{"id":644,"href":"https:\/\/www.horse-inn-liege.com\/fr\/wp-json\/wp\/v2\/pages\/107\/revisions\/644"}],"wp:attachment":[{"href":"https:\/\/www.horse-inn-liege.com\/fr\/wp-json\/wp\/v2\/media?parent=107"}],"curies":[{"name":"wp","href":"https:\/\/api.w.org\/{rel}","templated":true}]}}